{"id":330,"date":"2022-12-07T06:04:01","date_gmt":"2022-12-07T06:04:01","guid":{"rendered":"https:\/\/alpiruvalcaba.com.mx\/site\/?page_id=330"},"modified":"2023-01-14T01:50:47","modified_gmt":"2023-01-14T01:50:47","slug":"aviso-de-privacidad","status":"publish","type":"page","link":"https:\/\/alpiruvalcaba.com.mx\/site\/aviso-de-privacidad\/","title":{"rendered":"Aviso de Privacidad"},"content":{"rendered":"\n<p>En cumplimiento a la Ley Federal de Protecci\u00f3n de Datos Personales en Posesi\u00f3n de los Particulares, Marcia Garc\u00eda Ruvalcaba, que usa el nombre comercial de Alpi Ruvalcaba, Bienes Raices, con domicilio en: Avenida Jorge&nbsp; Jim\u00e9nez Cant\u00fa, Manzana 1, Lote 1, Oficina 28, del corporativo \u201cBussines &amp; Theraphy Place\u201d, Colonia Bosques Esmeralda, Atizapan de Zaragoza, Estado de M\u00e9xico, elabora este Aviso de Privacidad, con el objetivo principal de informarle que tipo de datos personales recabamos de Usted, el manejo a trav\u00e9s de medios electr\u00f3nicos y f\u00edsicos y con quien los compartimos, asi mismo, es responsable de recabar sus datos personales, del uso que se le d\u00e9 a los mismos y de su protecci\u00f3n.<\/p>\n\n\n\n<p>Su informaci\u00f3n personal ser\u00e1 utilizada para proveer los servicios inmobiliarios que ha solicitado, informarle sobre cambios en los mismos y evaluar la calidad del servicio que le brindamos. Para las finalidades antes mencionadas, requerimos obtener los siguientes datos: Datos de Identificaci\u00f3n Personal, Datos Patrimoniales, Datos Financieros y Documentos de Soporte para otorgar la prestaci\u00f3n del servicio de Asesor\u00eda, Promoci\u00f3n, Mediaci\u00f3n, Informaci\u00f3n y Gesti\u00f3n para la renta o venta de su propiedad, solicitado por Usted.<\/p>\n\n\n\n<p>Usted tiene derecho de acceder, rectificar y cancelar sus datos personales, as\u00ed como de oponerse al tratamiento de los mismos o revocar el consentimiento que para tal fin me haya otorgado, a trav\u00e9s de comunicado por escrito libre, en donde se\u00f1ale el derecho ARCO (Derecho de Acceso, Rectificaci\u00f3n, Cancelaci\u00f3n y Oposici\u00f3n) que pretende ejercer, debidamente firmado por usted, dirigido al suscrito y entregado en el domicilio anteriormente se\u00f1alado o bien al correo electr\u00f3nico marcyy10@hotmail.com, anexando copia de identificaci\u00f3n y domicilio en donde deber\u00e1 de recibir el comunicado de respuesta. El responsable comunicar\u00e1 al titular, en un plazo m\u00e1ximo de veinte d\u00edas, contados desde la fecha en que se recibi\u00f3 la solicitud de acceso, rectificaci\u00f3n, cancelaci\u00f3n u oposici\u00f3n, la determinaci\u00f3n adoptada, a efecto de que, si resulta procedente, se haga efectiva la misma dentro de los quince d\u00edas siguientes a la fecha en que se comunica la respuesta. Trat\u00e1ndose de solicitudes de acceso a datos personales, proceder\u00e1 la entrega previa acreditaci\u00f3n de la identidad del solicitante o representante legal, seg\u00fan corresponda. Los plazos antes referidos podr\u00e1n ser ampliados una sola vez por un periodo igual, siempre y cuando as\u00ed lo justifiquen las circunstancias del dicho caso.<\/p>\n\n\n\n<p>Asimismo, le informamos que sus datos personales no ser\u00e1n transferidos a personas distintas al suscrito y de igual manera le informamos que no recabamos datos personales sensibles, tambi\u00e9n le informo que no hacemos env\u00edo alguno de comunicados y promociones distintos al servicio profesional solicitado. En ese sentido, su informaci\u00f3n puede ser compartida \u00fanicamente con diversas autoridades o dependencias gubernamentales, Notar\u00edas para efectos de llevar a cabo el servicio profesional solicitado. Si usted no manifiesta su oposici\u00f3n para que sus datos personales sean tratados en los t\u00e9rminos del presenta aviso de privacidad, se entender\u00e1 que ha otorgado su consentimiento para ello.<\/p>\n\n\n\n<p>Atizap\u00e1n de Zaragoza, Estado de M\u00e9xico, a 16 de Diciembre de 2017.<\/p>\n","protected":false},"excerpt":{"rendered":"<p>En cumplimiento a la Ley Federal de Protecci\u00f3n de Datos Personales en Posesi\u00f3n de los Particulares, Marcia Garc\u00eda Ruvalcaba, que usa el nombre comercial de Alpi Ruvalcaba, Bienes Raices, con domicilio en: Avenida Jorge&nbsp; Jim\u00e9nez Cant\u00fa, Manzana 1, Lote 1, Oficina 28, del corporativo \u201cBussines &amp; Theraphy Place\u201d, Colonia Bosques Esmeralda, Atizapan de Zaragoza, Estado [&hellip;]<\/p>\n","protected":false},"author":10,"featured_media":0,"parent":0,"menu_order":0,"comment_status":"closed","ping_status":"closed","template":"","meta":{"_eb_attr":"","footnotes":""},"class_list":["post-330","page","type-page","status-publish","hentry"],"_links":{"self":[{"href":"https:\/\/alpiruvalcaba.com.mx\/site\/wp-json\/wp\/v2\/pages\/330","targetHints":{"allow":["GET"]}}],"collection":[{"href":"https:\/\/alpiruvalcaba.com.mx\/site\/wp-json\/wp\/v2\/pages"}],"about":[{"href":"https:\/\/alpiruvalcaba.com.mx\/site\/wp-json\/wp\/v2\/types\/page"}],"author":[{"embeddable":true,"href":"https:\/\/alpiruvalcaba.com.mx\/site\/wp-json\/wp\/v2\/users\/10"}],"replies":[{"embeddable":true,"href":"https:\/\/alpiruvalcaba.com.mx\/site\/wp-json\/wp\/v2\/comments?post=330"}],"version-history":[{"count":2,"href":"https:\/\/alpiruvalcaba.com.mx\/site\/wp-json\/wp\/v2\/pages\/330\/revisions"}],"predecessor-version":[{"id":332,"href":"https:\/\/alpiruvalcaba.com.mx\/site\/wp-json\/wp\/v2\/pages\/330\/revisions\/332"}],"wp:attachment":[{"href":"https:\/\/alpiruvalcaba.com.mx\/site\/wp-json\/wp\/v2\/media?parent=330"}],"curies":[{"name":"wp","href":"https:\/\/api.w.org\/{rel}","templated":true}]}}