{"id":269,"date":"2021-07-29T18:47:30","date_gmt":"2021-07-29T18:47:30","guid":{"rendered":"https:\/\/alpiruvalcaba.com.mx\/site\/?page_id=269"},"modified":"2026-04-13T19:13:18","modified_gmt":"2026-04-13T19:13:18","slug":"nosotros","status":"publish","type":"page","link":"https:\/\/alpiruvalcaba.com.mx\/site\/nosotros\/","title":{"rendered":"Nosotros"},"content":{"rendered":"<p>[vc_row][vc_column width=\u00bb1\/3&#8243;][vc_custom_heading text=\u00bb\u00bfQui\u00e9nes somos?\u00bb font_container=\u00bbtag:h2|text_align:center\u00bb google_fonts=\u00bbfont_family:Raleway%3A100%2C200%2C300%2Cregular%2C500%2C600%2C700%2C800%2C900|font_style:400%20regular%3A400%3Anormal\u00bb][vc_separator el_width=\u00bb80&#8243;][vc_column_text]Empresa comprometida en entender las necesidades de nuestros clientes. Contamos con un equipo de asesores con m\u00e1s de 10 a\u00f1os de experiencia en el mercado inmobiliario para brindarles una asesor\u00eda profesional, honesta y con calidad humana[\/vc_column_text][\/vc_column][vc_column width=\u00bb1\/3&#8243;][vc_custom_heading text=\u00bbMisi\u00f3n\u00bb font_container=\u00bbtag:h2|text_align:center\u00bb google_fonts=\u00bbfont_family:Raleway%3A100%2C200%2C300%2Cregular%2C500%2C600%2C700%2C800%2C900|font_style:400%20regular%3A400%3Anormal\u00bb][vc_separator el_width=\u00bb80&#8243;][vc_column_text]Ser un apoyo constante para nuestros clientes en la\u00a0elecci\u00f3n de una inversi\u00f3n segura, rentable y satisfactoria de una propiedad a trav\u00e9s de un trato c\u00e1lido y humano.[\/vc_column_text][\/vc_column][vc_column width=\u00bb1\/3&#8243;][vc_custom_heading text=\u00bbCompromiso\u00bb font_container=\u00bbtag:h2|text_align:center\u00bb google_fonts=\u00bbfont_family:Raleway%3A100%2C200%2C300%2Cregular%2C500%2C600%2C700%2C800%2C900|font_style:400%20regular%3A400%3Anormal\u00bb][vc_separator el_width=\u00bb80&#8243;][vc_column_text]Nuestro compromiso es brindarle asistencia entre la amplia gama de servicios en bienes ra\u00edces y proponer la alternativa m\u00e1s adecuada para usted y su familia, inversi\u00f3n o negocio.[\/vc_column_text][\/vc_column][\/vc_row][vc_row][vc_column][vc_single_image image=\u00bb218&#8243; img_size=\u00bbfull\u00bb alignment=\u00bbcenter\u00bb style=\u00bbvc_box_rounded\u00bb][\/vc_column][\/vc_row][vc_row][vc_column width=\u00bb1\/4&#8243;][\/vc_column][vc_column width=\u00bb3\/4&#8243;][vc_custom_heading text=\u00bbNuestra certificaci\u00f3n A.M.P.I. es garant\u00eda del servicio que daremos en la atenci\u00f3n a tu propiedad en Venta o Compra\u00bb font_container=\u00bbtag:h2|text_align:right\u00bb google_fonts=\u00bbfont_family:Raleway%3A100%2C200%2C300%2Cregular%2C500%2C600%2C700%2C800%2C900|font_style:400%20regular%3A400%3Anormal\u00bb][vc_separator color=\u00bborange\u00bb align=\u00bbalign_right\u00bb border_width=\u00bb3&#8243; el_width=\u00bb70&#8243;][\/vc_column][\/vc_row][vc_row][vc_column][vc_single_image image=\u00bb597&#8243; img_size=\u00bbfull\u00bb alignment=\u00bbcenter\u00bb][\/vc_column][\/vc_row]<\/p>\n","protected":false},"excerpt":{"rendered":"<p>[vc_row][vc_column width=\u00bb1\/3&#8243;][vc_custom_heading text=\u00bb\u00bfQui\u00e9nes somos?\u00bb font_container=\u00bbtag:h2|text_align:center\u00bb google_fonts=\u00bbfont_family:Raleway%3A100%2C200%2C300%2Cregular%2C500%2C600%2C700%2C800%2C900|font_style:400%20regular%3A400%3Anormal\u00bb][vc_separator el_width=\u00bb80&#8243;][vc_column_text]Empresa comprometida en entender las necesidades de nuestros clientes. Contamos con un equipo de asesores con m\u00e1s de 10 a\u00f1os de experiencia en el mercado inmobiliario para brindarles una asesor\u00eda profesional, honesta y con calidad humana[\/vc_column_text][\/vc_column][vc_column width=\u00bb1\/3&#8243;][vc_custom_heading text=\u00bbMisi\u00f3n\u00bb font_container=\u00bbtag:h2|text_align:center\u00bb google_fonts=\u00bbfont_family:Raleway%3A100%2C200%2C300%2Cregular%2C500%2C600%2C700%2C800%2C900|font_style:400%20regular%3A400%3Anormal\u00bb][vc_separator el_width=\u00bb80&#8243;][vc_column_text]Ser un apoyo constante para nuestros clientes en la\u00a0elecci\u00f3n [&hellip;]<\/p>\n","protected":false},"author":1,"featured_media":0,"parent":0,"menu_order":0,"comment_status":"closed","ping_status":"closed","template":"","meta":{"_eb_attr":"","footnotes":""},"class_list":["post-269","page","type-page","status-publish","hentry"],"_links":{"self":[{"href":"https:\/\/alpiruvalcaba.com.mx\/site\/wp-json\/wp\/v2\/pages\/269","targetHints":{"allow":["GET"]}}],"collection":[{"href":"https:\/\/alpiruvalcaba.com.mx\/site\/wp-json\/wp\/v2\/pages"}],"about":[{"href":"https:\/\/alpiruvalcaba.com.mx\/site\/wp-json\/wp\/v2\/types\/page"}],"author":[{"embeddable":true,"href":"https:\/\/alpiruvalcaba.com.mx\/site\/wp-json\/wp\/v2\/users\/1"}],"replies":[{"embeddable":true,"href":"https:\/\/alpiruvalcaba.com.mx\/site\/wp-json\/wp\/v2\/comments?post=269"}],"version-history":[{"count":18,"href":"https:\/\/alpiruvalcaba.com.mx\/site\/wp-json\/wp\/v2\/pages\/269\/revisions"}],"predecessor-version":[{"id":655,"href":"https:\/\/alpiruvalcaba.com.mx\/site\/wp-json\/wp\/v2\/pages\/269\/revisions\/655"}],"wp:attachment":[{"href":"https:\/\/alpiruvalcaba.com.mx\/site\/wp-json\/wp\/v2\/media?parent=269"}],"curies":[{"name":"wp","href":"https:\/\/api.w.org\/{rel}","templated":true}]}}