{"id":144,"date":"2021-07-23T18:46:34","date_gmt":"2021-07-23T18:46:34","guid":{"rendered":"https:\/\/alpiruvalcaba.com.mx\/site\/revolution-slider\/"},"modified":"2026-04-21T19:44:00","modified_gmt":"2026-04-21T19:44:00","slug":"inicio","status":"publish","type":"page","link":"https:\/\/alpiruvalcaba.com.mx\/site\/","title":{"rendered":""},"content":{"rendered":"<p>[vc_row full_width=\u00bbstretch_row\u00bb full_height=\u00bbyes\u00bb content_placement=\u00bbmiddle\u00bb css=\u00bb.vc_custom_1776723935458{background-image: url(https:\/\/alpiruvalcaba.com.mx\/site\/wp-content\/uploads\/2026\/04\/IMG_2159-1.jpg?id=665) !important;background-position: center !important;background-repeat: no-repeat !important;background-size: cover !important;}\u00bb][vc_column width=\u00bb1\/3&#8243; css=\u00bb.vc_custom_1776723738425{background-color: rgba(244,244,244,0.53) !important;*background-color: rgb(244,244,244) !important;}\u00bb][vc_column_text]<\/p>\n<header class=\"hero\">\n<nav class=\"menu\">\u00a0<\/nav>\n<p><!-- Texto principal --><\/p>\n<div class=\"contenido\">\n<h1>Encuentra tu hogar,<\/h1>\n<h2>tu espacio, tu vida.<\/h2>\n<p><span style=\"color: #000000;\">Venta y Renta de Casas, Departamentos y espacios.<\/span><\/p>\n<\/div>\n<\/header>\n<p>[\/vc_column_text][\/vc_column][vc_column width=\u00bb2\/3&#8243;][\/vc_column][\/vc_row][vc_row][vc_column width=\u00bb1\/2&#8243;][vc_custom_heading text=\u00bbRENTA\u00bb][vc_icon icon_fontawesome=\u00bbfas fa-arrow-right\u00bb color=\u00bbcustom\u00bb align=\u00bbright\u00bb custom_color=\u00bb#a1764f\u00bb link=\u00bburl:https%3A%2F%2Falpiruvalcaba.com.mx%2Fsite%2Frenta%2F|title:Renta\u00bb][vc_separator color=\u00bbsandy_brown\u00bb][\/vc_column][vc_column width=\u00bb1\/2&#8243;][vc_custom_heading text=\u00bbVENTA\u00bb][vc_icon icon_fontawesome=\u00bbfas fa-arrow-right\u00bb color=\u00bbcustom\u00bb align=\u00bbright\u00bb custom_color=\u00bb#a1764f\u00bb link=\u00bburl:https%3A%2F%2Falpiruvalcaba.com.mx%2Fsite%2Fventa%2F|title:Venta\u00bb][vc_separator color=\u00bbsandy_brown\u00bb][\/vc_column][\/vc_row][vc_row css=\u00bb.vc_custom_1776104417276{background-color: rgba(161,118,79,0.28) !important;*background-color: rgb(161,118,79) !important;}\u00bb][vc_column][vc_custom_heading text=\u00bbNuestros servicios\u00bb font_container=\u00bbtag:h2|text_align:center\u00bb google_fonts=\u00bbfont_family:Lato%3A100%2C100italic%2C300%2C300italic%2Cregular%2Citalic%2C700%2C700italic%2C900%2C900italic|font_style:400%20regular%3A400%3Anormal\u00bb][vc_empty_space height=\u00bb25px\u00bb][vc_separator color=\u00bbsandy_brown\u00bb border_width=\u00bb2&#8243; el_width=\u00bb70&#8243;][\/vc_column][\/vc_row][vc_row][vc_column width=\u00bb1\/3&#8243;][vc_custom_heading text=\u00bbVenta\u00bb font_container=\u00bbtag:h2|text_align:center\u00bb google_fonts=\u00bbfont_family:Lato%3A100%2C100italic%2C300%2C300italic%2Cregular%2Citalic%2C700%2C700italic%2C900%2C900italic|font_style:400%20regular%3A400%3Anormal\u00bb][vc_column_text]<\/p>\n<p style=\"text-align: center;\">Deja en nuestras manos la venta y promoci\u00f3n de tu inmueble. Agendas visitas y apoyarte en el proceso legal<\/p>\n<p>[\/vc_column_text][\/vc_column][vc_column width=\u00bb1\/3&#8243;][vc_custom_heading text=\u00bbCompra\u00bb font_container=\u00bbtag:h2|text_align:center\u00bb google_fonts=\u00bbfont_family:Lato%3A100%2C100italic%2C300%2C300italic%2Cregular%2Citalic%2C700%2C700italic%2C900%2C900italic|font_style:400%20regular%3A400%3Anormal\u00bb][vc_column_text]<\/p>\n<p style=\"text-align: center;\">Solo d\u00e9janos saber las caracter\u00edsticas que necesitas y la ubicaci\u00f3n para tu nueva casa o departamento<\/p>\n<p>[\/vc_column_text][\/vc_column][vc_column width=\u00bb1\/3&#8243;][vc_custom_heading text=\u00bbAsesoria Legal\u00bb font_container=\u00bbtag:h2|text_align:center\u00bb google_fonts=\u00bbfont_family:Lato%3A100%2C100italic%2C300%2C300italic%2Cregular%2Citalic%2C700%2C700italic%2C900%2C900italic|font_style:400%20regular%3A400%3Anormal\u00bb][vc_column_text]<\/p>\n<p style=\"text-align: center;\">Sabemos que los tramites legales en ocasiones son complejos, por ello te ayudamos a entender los procesos y evitar caer en trampas<\/p>\n<p>[\/vc_column_text][\/vc_column][\/vc_row][vc_row][vc_column][vc_custom_heading text=\u00bbNuestros Tips y Consejos\u00bb font_container=\u00bbtag:h2|text_align:center\u00bb google_fonts=\u00bbfont_family:Lato%3A100%2C100italic%2C300%2C300italic%2Cregular%2Citalic%2C700%2C700italic%2C900%2C900italic|font_style:400%20regular%3A400%3Anormal\u00bb][vc_empty_space height=\u00bb25px\u00bb][vc_separator color=\u00bbsandy_brown\u00bb border_width=\u00bb2&#8243; el_width=\u00bb70&#8243;][\/vc_column][\/vc_row][vc_row][vc_column][vc_basic_grid post_type=\u00bbpost\u00bb max_items=\u00bb6&#8243; gap=\u00bb20&#8243; initial_loading_animation=\u00bbpulse\u00bb grid_id=\u00bbvc_gid:1776800596432-aa0d0ee8-a636-5&#8243;][\/vc_column][\/vc_row]<\/p>\n","protected":false},"excerpt":{"rendered":"<p>[vc_row full_width=\u00bbstretch_row\u00bb full_height=\u00bbyes\u00bb content_placement=\u00bbmiddle\u00bb css=\u00bb.vc_custom_1776723935458{background-image: url(https:\/\/alpiruvalcaba.com.mx\/site\/wp-content\/uploads\/2026\/04\/IMG_2159-1.jpg?id=665) !important;background-position: center !important;background-repeat: no-repeat !important;background-size: cover !important;}\u00bb][vc_column width=\u00bb1\/3&#8243; css=\u00bb.vc_custom_1776723738425{background-color: rgba(244,244,244,0.53) !important;*background-color: rgb(244,244,244) !important;}\u00bb][vc_column_text] \u00a0 Encuentra tu hogar, tu espacio, tu vida. Venta y Renta de Casas, Departamentos y espacios. [\/vc_column_text][\/vc_column][vc_column width=\u00bb2\/3&#8243;][\/vc_column][\/vc_row][vc_row][vc_column width=\u00bb1\/2&#8243;][vc_custom_heading text=\u00bbRENTA\u00bb][vc_icon icon_fontawesome=\u00bbfas fa-arrow-right\u00bb color=\u00bbcustom\u00bb align=\u00bbright\u00bb custom_color=\u00bb#a1764f\u00bb link=\u00bburl:https%3A%2F%2Falpiruvalcaba.com.mx%2Fsite%2Frenta%2F|title:Renta\u00bb][vc_separator color=\u00bbsandy_brown\u00bb][\/vc_column][vc_column width=\u00bb1\/2&#8243;][vc_custom_heading text=\u00bbVENTA\u00bb][vc_icon icon_fontawesome=\u00bbfas fa-arrow-right\u00bb color=\u00bbcustom\u00bb align=\u00bbright\u00bb custom_color=\u00bb#a1764f\u00bb link=\u00bburl:https%3A%2F%2Falpiruvalcaba.com.mx%2Fsite%2Fventa%2F|title:Venta\u00bb][vc_separator color=\u00bbsandy_brown\u00bb][\/vc_column][\/vc_row][vc_row [&hellip;]<\/p>\n","protected":false},"author":1,"featured_media":0,"parent":0,"menu_order":0,"comment_status":"closed","ping_status":"closed","template":"","meta":{"_eb_attr":"","footnotes":""},"class_list":["post-144","page","type-page","status-publish","hentry"],"_links":{"self":[{"href":"https:\/\/alpiruvalcaba.com.mx\/site\/wp-json\/wp\/v2\/pages\/144","targetHints":{"allow":["GET"]}}],"collection":[{"href":"https:\/\/alpiruvalcaba.com.mx\/site\/wp-json\/wp\/v2\/pages"}],"about":[{"href":"https:\/\/alpiruvalcaba.com.mx\/site\/wp-json\/wp\/v2\/types\/page"}],"author":[{"embeddable":true,"href":"https:\/\/alpiruvalcaba.com.mx\/site\/wp-json\/wp\/v2\/users\/1"}],"replies":[{"embeddable":true,"href":"https:\/\/alpiruvalcaba.com.mx\/site\/wp-json\/wp\/v2\/comments?post=144"}],"version-history":[{"count":108,"href":"https:\/\/alpiruvalcaba.com.mx\/site\/wp-json\/wp\/v2\/pages\/144\/revisions"}],"predecessor-version":[{"id":758,"href":"https:\/\/alpiruvalcaba.com.mx\/site\/wp-json\/wp\/v2\/pages\/144\/revisions\/758"}],"wp:attachment":[{"href":"https:\/\/alpiruvalcaba.com.mx\/site\/wp-json\/wp\/v2\/media?parent=144"}],"curies":[{"name":"wp","href":"https:\/\/api.w.org\/{rel}","templated":true}]}}